{"id":239,"date":"2019-10-31T00:28:13","date_gmt":"2019-10-31T03:28:13","guid":{"rendered":"http:\/\/lonera24.com.ar\/web\/?page_id=239"},"modified":"2019-10-31T00:49:53","modified_gmt":"2019-10-31T03:49:53","slug":"cortinas-bandas-verticales","status":"publish","type":"page","link":"http:\/\/lonera24.com.ar\/web\/cortinas-bandas-verticales\/","title":{"rendered":"Cortinas Bandas Verticales"},"content":{"rendered":"<p>[vc_row tm_bgcolor=\u00bbwhite\u00bb tm_bgimage_position=\u00bbcenter_top\u00bb tm_bgimagefixed=\u00bb\u00bb full_width=\u00bbstretch_row\u00bb css=\u00bb.vc_custom_1572493244654{margin-top: -22px !important;margin-bottom: 0px !important;padding-top: 55px !important;padding-bottom: 30px !important;background-position: 0 0 !important;background-repeat: no-repeat !important;}\u00bb][vc_column width=\u00bb1\/2&#8243;]<div class=\"tm-element-heading-wrapper tm-heading-inner tm-element-align-left tm-seperator-solid tm-heading-style-vertical \"><section class=\"tm-vc_cta3-container\"><div class=\"tm-vc_general tm-vc_cta3 tm-cta3-only tm-vc_cta3-style-classic tm-vc_cta3-shape-rounded tm-vc_cta3-align-left tm-vc_cta3-color-transparent tm-vc_cta3-icon-size-md tm-vc_cta3-actions-no tm-cta3-with-desc\"><div class=\"tm-vc_cta3_content-container\"><div class=\"tm-vc_cta3-content\"><header class=\"tm-vc_cta3-content-header tm-wrap\"><div class=\"tm-vc_cta3-headers tm-wrap-cell\"><h4 class=\"tm-custom-heading \" >Conoc\u00e9 nuestras<\/h4>\n<h2 class=\"tm-custom-heading \" >Cortinas bandas verticales<\/h2>\n<\/div><div class=\"heading-seperator\"><span><\/span><\/div><\/header><div class=\"tm-cta3-content-wrapper\"><p>Las cortinas verticales es un sistema que esta compuesto por un perfil de aluminio y las bandas deslizables horizontalmente.<br \/>\nEl riel o perfil de aluminio que ofrecemos puede ser a cord\u00f3n o bast\u00f3n mediante su mando permite desplazamiento y rotaci\u00f3n de las bandas sobre su propio eje. Las telas que se confecci\u00f3n para ese tipo de cortinas son: screen, blackout y trasl\u00facida.<br \/>\nSon cortinas de interior, ideales para cubrir grandes superficies vidriadas y crear gran combinaci\u00f3n de luminosidad con el movimiento giratorio de las bandas.<\/p><\/div><\/div><\/div><\/div><\/section><\/div> <!-- .tm-element-heading-wrapper container --> [\/vc_column][vc_column width=\u00bb1\/2&#8243;][vc_single_image image=\u00bb244&#8243; img_size=\u00bbfull\u00bb alignment=\u00bbcenter\u00bb][\/vc_column][\/vc_row][vc_row tm_bgimagefixed=\u00bb\u00bb equal_height=\u00bbyes\u00bb css_animation=\u00bbfadeIn\u00bb css=\u00bb.vc_custom_1572493255202{margin-top: 0px !important;margin-bottom: 0px !important;padding-top: 65px !important;padding-bottom: 40px !important;}\u00bb][vc_column width=\u00bb1\/2&#8243;][vc_single_image image=\u00bb245&#8243; img_size=\u00bbfull\u00bb alignment=\u00bbcenter\u00bb style=\u00bbvc_box_border\u00bb border_color=\u00bbwhite\u00bb]<h2 style=\"text-align:center;\" class=\"tm-custom-heading \" >Caracter\u00edstica principal<\/h2>\n[vc_column_text]Permiten crear gran cantidad de escenarios de luz y privacidad seg\u00fan la orientaci\u00f3n de sus bandas. Abiertas mantienen las visuales resultando casi imperceptibles; cerradas ofrecen gran privacidad.<br \/>\nSon ideales para cubrir grandes ventanales: se pueden fabricar anchos de cortina mayores.[\/vc_column_text][\/vc_column][vc_column width=\u00bb1\/2&#8243;][vc_single_image image=\u00bb246&#8243; img_size=\u00bbfull\u00bb alignment=\u00bbcenter\u00bb style=\u00bbvc_box_border\u00bb border_color=\u00bbwhite\u00bb]<h2 style=\"text-align:center;\" class=\"tm-custom-heading \" >Un sistema renovado<\/h2>\n[vc_column_text]Presentan un nuevo hardware de dise\u00f1o exclusivo, de alta calidad y cuidadas terminaciones.<br \/>\nEl sistema se integra por componentes con un alto grado de desarrollo, resultando seguro, silencioso y de muy f\u00e1cil instalaci\u00f3n.[\/vc_column_text][\/vc_column][\/vc_row]<\/p>\n","protected":false},"excerpt":{"rendered":"<p>[vc_row tm_bgcolor=\u00bbwhite\u00bb tm_bgimage_position=\u00bbcenter_top\u00bb tm_bgimagefixed=\u00bb\u00bb full_width=\u00bbstretch_row\u00bb css=\u00bb.vc_custom_1572493244654{margin-top: -22px !important;margin-bottom: 0px !important;padding-top: 55px !important;padding-bottom: 30px !important;background-position: 0 0 !important;background-repeat: no-repeat !important;}\u00bb][vc_column width=\u00bb1\/2&#8243;][\/vc_column][vc_column width=\u00bb1\/2&#8243;][vc_single_image image=\u00bb244&#8243; img_size=\u00bbfull\u00bb alignment=\u00bbcenter\u00bb][\/vc_column][\/vc_row][vc_row tm_bgimagefixed=\u00bb\u00bb equal_height=\u00bbyes\u00bb css_animation=\u00bbfadeIn\u00bb css=\u00bb.vc_custom_1572493255202{margin-top: 0px !important;margin-bottom: 0px !important;padding-top: 65px !important;padding-bottom: 40px !important;}\u00bb][vc_column width=\u00bb1\/2&#8243;][vc_single_image image=\u00bb245&#8243; img_size=\u00bbfull\u00bb alignment=\u00bbcenter\u00bb style=\u00bbvc_box_border\u00bb border_color=\u00bbwhite\u00bb][vc_column_text]Permiten crear gran cantidad de escenarios de luz y privacidad seg\u00fan la orientaci\u00f3n de &hellip; <a href=\"http:\/\/lonera24.com.ar\/web\/cortinas-bandas-verticales\/\" class=\"more-link\">Continue reading <span class=\"screen-reader-text\">Cortinas Bandas Verticales<\/span><\/a><\/p>\n","protected":false},"author":2,"featured_media":0,"parent":0,"menu_order":0,"comment_status":"closed","ping_status":"closed","template":"","meta":{"footnotes":""},"class_list":["post-239","page","type-page","status-publish","hentry"],"_links":{"self":[{"href":"http:\/\/lonera24.com.ar\/web\/wp-json\/wp\/v2\/pages\/239","targetHints":{"allow":["GET"]}}],"collection":[{"href":"http:\/\/lonera24.com.ar\/web\/wp-json\/wp\/v2\/pages"}],"about":[{"href":"http:\/\/lonera24.com.ar\/web\/wp-json\/wp\/v2\/types\/page"}],"author":[{"embeddable":true,"href":"http:\/\/lonera24.com.ar\/web\/wp-json\/wp\/v2\/users\/2"}],"replies":[{"embeddable":true,"href":"http:\/\/lonera24.com.ar\/web\/wp-json\/wp\/v2\/comments?post=239"}],"version-history":[{"count":6,"href":"http:\/\/lonera24.com.ar\/web\/wp-json\/wp\/v2\/pages\/239\/revisions"}],"predecessor-version":[{"id":468,"href":"http:\/\/lonera24.com.ar\/web\/wp-json\/wp\/v2\/pages\/239\/revisions\/468"}],"wp:attachment":[{"href":"http:\/\/lonera24.com.ar\/web\/wp-json\/wp\/v2\/media?parent=239"}],"curies":[{"name":"wp","href":"https:\/\/api.w.org\/{rel}","templated":true}]}}